{"id":1303,"date":"2025-04-10T14:54:04","date_gmt":"2025-04-10T14:54:04","guid":{"rendered":"https:\/\/ex-coders.com\/wp\/efast\/?page_id=1303"},"modified":"2025-07-01T20:39:07","modified_gmt":"2025-07-01T18:39:07","slug":"lynxtrading","status":"publish","type":"page","link":"https:\/\/lynxtradingci.com\/index.php\/lynxtrading\/","title":{"rendered":"Lynx Trading"},"content":{"rendered":"\t\t<div data-elementor-type=\"wp-page\" data-elementor-id=\"1303\" class=\"elementor elementor-1303\" data-elementor-post-type=\"page\">\n\t\t\t\t<div class=\"elementor-element elementor-element-6f63195 e-con-full e-flex e-con e-parent\" data-id=\"6f63195\" data-element_type=\"container\">\n\t\t\t\t<div class=\"elementor-element elementor-element-6d8ea4d elementor-widget elementor-widget-efast-choose-us-widget\" data-id=\"6d8ea4d\" data-element_type=\"widget\" data-widget_type=\"efast-choose-us-widget.default\">\n\t\t\t\t<div class=\"elementor-widget-container\">\n\t\t\t\t\t\r\n\r\n\r\n\t\t<section class=\"about-area fix\">\r\n            <div class=\"about-wrapper style-1\">\r\n                <div class=\"image-1\">\r\n\t\t\t\t   \r\n\t\t\t\t\t<img decoding=\"async\" src=\"https:\/\/lynxtradingci.com\/wp-content\/uploads\/2025\/03\/about-container.png\" alt=\"\"\/>\r\n\t\t\t\t                <\/div>\r\n                    <div class=\"container\">\r\n                        <div class=\"row g-4\">\r\n                            <div class=\"col-lg-6\">\r\n                                <div class=\"about-image-items\">\r\n                                    <div class=\"row g-4\">\r\n                                        <div class=\"col-lg-5\">\r\n                                            <div class=\"about-image img-custom-anim-top wow\" data-wow-duration=\"1.5s\" data-wow-delay=\"0.3s\">\r\n\t\t\t\t\t\t\t\t\t\t\t   \r\n\t\t\t\t\t\t\t\t\t\t\t\t<img decoding=\"async\" src=\"https:\/\/lynxtradingci.com\/wp-content\/uploads\/2025\/06\/a-photograph-of-a-bustling-warehouse-in-_1KXCwSCzRzWhZGeGNJg3CA_qNaHhMF0SP-1jgwtqAE8YQ.jpeg\" alt=\"\"\/>\r\n\t\t\t\t\t\t\t\t\t\t\t                                            <\/div>\r\n                                        <\/div>\r\n                                        <div class=\"col-lg-7\">\r\n                                            <div class=\"about-image img-custom-anim-top wow\" data-wow-duration=\"1.5s\" data-wow-delay=\"0.3s\">\r\n\t\t\t\t\t\t\t\t\t\t\t   \r\n\t\t\t\t\t\t\t\t\t\t\t\t<img decoding=\"async\" src=\"https:\/\/lynxtradingci.com\/wp-content\/uploads\/2025\/07\/a-photograph-of-a-bustling-mining-site-i_arAD5fKERrytZtS1gsFt8A_hyYbOIrISc-z27GrMUbZgg.jpeg\" alt=\"\"\/>\r\n\t\t\t\t\t\t\t\t\t\t\t                                            <\/div>\r\n                                        <\/div>\r\n                                    <\/div>\r\n                                <\/div>\r\n                            <\/div>\r\n                            <div class=\"col-lg-6\">\r\n                                <div class=\"about-right-wrap\">\r\n                                    <div class=\"about-content\">\r\n                                        <div class=\"about-title\">\r\n                                            <span class=\"title-sm split_chars\">\r\n\t\t\t\t\t\t\t\t\t\t\t   \r\n\t\t\t\t\t\t\t\t\t\t\t\t<img decoding=\"async\" src=\"https:\/\/lynxtradingci.com\/wp-content\/uploads\/2025\/03\/icon-1-car.svg\" alt=\"\"\/>\r\n\t\t\t\t\t\t\t\t\t\t\t\t\r\n\t\t\t\t\t\t\t\t\t\t\tPourquoi Lynx Trading CI\t\t\t\t\t\t\t\t\t\t\t<\/span>\r\n                                            <h2 class=\"section__48 title_anim\">L\u2019efficacit\u00e9 mini\u00e8re, au c\u0153ur de vos projets.<\/h2>\r\n                                        <\/div>\r\n                                        <p class=\"fadeInUp wow\" data-wow-duration=\"1.5s\" data-wow-delay=\"0.4s\">\r\n\t\t\t\t\t\t\t\t\t\t\tLYNX TRADING CI SARL est une entreprise ivoirienne sp\u00e9cialis\u00e9e dans la sous-traitance mini\u00e8re et les services industriels int\u00e9gr\u00e9s.\nNous accompagnons les compagnies mini\u00e8res en C\u00f4te d\u2019Ivoire et en Afrique de l\u2019Ouest dans leurs op\u00e9rations logistiques, techniques et infrastructurelles, en proposant des solutions cl\u00e9s en main, flexibles et r\u00e9actives.\n<br>\nCr\u00e9\u00e9e pour r\u00e9pondre aux exigences croissantes du secteur minier, notre mission est de fournir des services fiables, s\u00e9curis\u00e9s et adapt\u00e9s aux r\u00e9alit\u00e9s du terrain.\nNotre expertise couvre plusieurs domaines strat\u00e9giques :\t\t\t\t\t\t\t\t\t\t<\/p>\r\n                                    <\/div>\r\n                                    <div class=\"row align-items-center\">\r\n\t\t\t\t\t\t\t\t\t\t\t\r\n                                        <div class=\"col-xl-6 fadeInUp wow\" data-wow-duration=\"1.5s\" data-wow-delay=\"0.7s\">\r\n                                            <div class=\"about-info d-flex\">\r\n\t\t\t\t\t\t\t\t\t\t\t\t                                                <div class=\"content\">\r\n                                                    <h6 class=\"section-title__18\">Logistique &amp; Transport minier <\/h6>\r\n                                                    <p><\/p>\r\n                                                <\/div>\r\n                                            <\/div>\r\n                                        <\/div>\r\n\t\t\t\t\t\t\t\t\t\t\t\r\n                                        <div class=\"col-xl-6 fadeInUp wow\" data-wow-duration=\"1.5s\" data-wow-delay=\"0.7s\">\r\n                                            <div class=\"about-info d-flex\">\r\n\t\t\t\t\t\t\t\t\t\t\t\t                                                <div class=\"content\">\r\n                                                    <h6 class=\"section-title__18\">Construction &amp; infrastructures mini\u00e8res <\/h6>\r\n                                                    <p><\/p>\r\n                                                <\/div>\r\n                                            <\/div>\r\n                                        <\/div>\r\n\t\t\t\t\t\t\t\t\t\t\t\r\n                                        <div class=\"col-xl-6 fadeInUp wow\" data-wow-duration=\"1.5s\" data-wow-delay=\"0.7s\">\r\n                                            <div class=\"about-info d-flex\">\r\n\t\t\t\t\t\t\t\t\t\t\t\t                                                <div class=\"content\">\r\n                                                    <h6 class=\"section-title__18\">N\u00e9goce &amp; distribution technique <\/h6>\r\n                                                    <p><\/p>\r\n                                                <\/div>\r\n                                            <\/div>\r\n                                        <\/div>\r\n\t\t\t\t\t\t\t\t\t\t\t\r\n                                        <div class=\"col-xl-6 fadeInUp wow\" data-wow-duration=\"1.5s\" data-wow-delay=\"0.7s\">\r\n                                            <div class=\"about-info d-flex\">\r\n\t\t\t\t\t\t\t\t\t\t\t\t                                                <div class=\"content\">\r\n                                                    <h6 class=\"section-title__18\">Prestations sp\u00e9cialis\u00e9es sur site <\/h6>\r\n                                                    <p><\/p>\r\n                                                <\/div>\r\n                                            <\/div>\r\n                                        <\/div>\r\n\t\t\t\t\t\t\t\t\t\t                                        <div class=\"about-btn\">\r\n                                            <div class=\"btn-box\">\r\n                                                <a class=\"btn-read\" href=\"\">\r\n\t\t\t\t\t\t\t\t\t\t\t\t\t\r\n\t\t\t\t\t\t\t\t\t\t\t\t<i class=\"fa-regular fa-arrow-right-long\"><\/i><\/a>\r\n                                            <\/div>\r\n                                        <\/div>\r\n                                    <\/div>\r\n                                <\/div>\r\n                            <\/div>\r\n                        <\/div>\r\n                    <\/div>\r\n            \t<\/div>\r\n        \t<\/section>\r\n\r\n             \r\n\t\t\t\t\t\t<\/div>\n\t\t\t\t<\/div>\n\t\t\t\t<\/div>\n\t\t<div class=\"elementor-element elementor-element-881167b e-flex e-con-boxed e-con e-parent\" data-id=\"881167b\" data-element_type=\"container\">\n\t\t\t\t\t<div class=\"e-con-inner\">\n\t\t\t\t<div class=\"elementor-element elementor-element-e491faa elementor-widget elementor-widget-image-carousel\" data-id=\"e491faa\" data-element_type=\"widget\" data-settings=\"{&quot;slides_to_show&quot;:&quot;5&quot;,&quot;navigation&quot;:&quot;none&quot;,&quot;image_spacing_custom&quot;:{&quot;unit&quot;:&quot;px&quot;,&quot;size&quot;:100,&quot;sizes&quot;:[]},&quot;autoplay&quot;:&quot;yes&quot;,&quot;pause_on_hover&quot;:&quot;yes&quot;,&quot;pause_on_interaction&quot;:&quot;yes&quot;,&quot;autoplay_speed&quot;:5000,&quot;infinite&quot;:&quot;yes&quot;,&quot;speed&quot;:500,&quot;image_spacing_custom_tablet&quot;:{&quot;unit&quot;:&quot;px&quot;,&quot;size&quot;:&quot;&quot;,&quot;sizes&quot;:[]},&quot;image_spacing_custom_mobile&quot;:{&quot;unit&quot;:&quot;px&quot;,&quot;size&quot;:&quot;&quot;,&quot;sizes&quot;:[]}}\" data-widget_type=\"image-carousel.default\">\n\t\t\t\t<div class=\"elementor-widget-container\">\n\t\t\t\t\t\t\t<div class=\"elementor-image-carousel-wrapper swiper\" role=\"region\" aria-roledescription=\"carousel\" aria-label=\"Image Carousel\" dir=\"ltr\">\n\t\t\t<div class=\"elementor-image-carousel swiper-wrapper\" aria-live=\"off\">\n\t\t\t\t\t\t\t\t<div class=\"swiper-slide\" role=\"group\" aria-roledescription=\"slide\" aria-label=\"1 sur 3\"><figure class=\"swiper-slide-inner\"><img decoding=\"async\" class=\"swiper-slide-image\" src=\"https:\/\/lynxtradingci.com\/wp-content\/uploads\/2025\/06\/efsgdf-150x150.png\" alt=\"efsgdf\" \/><\/figure><\/div><div class=\"swiper-slide\" role=\"group\" aria-roledescription=\"slide\" aria-label=\"2 sur 3\"><figure class=\"swiper-slide-inner\"><img decoding=\"async\" class=\"swiper-slide-image\" src=\"https:\/\/lynxtradingci.com\/wp-content\/uploads\/2025\/03\/brand-1-150x41.png\" alt=\"brand-1\" \/><\/figure><\/div><div class=\"swiper-slide\" role=\"group\" aria-roledescription=\"slide\" aria-label=\"3 sur 3\"><figure class=\"swiper-slide-inner\"><img decoding=\"async\" class=\"swiper-slide-image\" src=\"https:\/\/lynxtradingci.com\/wp-content\/uploads\/2025\/06\/qaws-150x150.png\" alt=\"qaws\" \/><\/figure><\/div>\t\t\t<\/div>\n\t\t\t\t\t\t\t\n\t\t\t\t\t\t\t\t\t<\/div>\n\t\t\t\t\t\t<\/div>\n\t\t\t\t<\/div>\n\t\t\t\t\t<\/div>\n\t\t\t\t<\/div>\n\t\t<div class=\"elementor-element elementor-element-dd08164 e-flex e-con-boxed e-con e-parent\" data-id=\"dd08164\" data-element_type=\"container\">\n\t\t\t\t\t<div class=\"e-con-inner\">\n\t\t\t\t\t<\/div>\n\t\t\t\t<\/div>\n\t\t<div class=\"elementor-element elementor-element-6001b09 e-flex e-con-boxed e-con e-parent\" data-id=\"6001b09\" data-element_type=\"container\" data-settings=\"{&quot;background_background&quot;:&quot;classic&quot;}\">\n\t\t\t\t\t<div class=\"e-con-inner\">\n\t\t\t\t<div class=\"elementor-element elementor-element-8763cbc elementor-absolute float-bob-y elementor-widget elementor-widget-image\" data-id=\"8763cbc\" data-element_type=\"widget\" data-settings=\"{&quot;_position&quot;:&quot;absolute&quot;}\" data-widget_type=\"image.default\">\n\t\t\t\t<div class=\"elementor-widget-container\">\n\t\t\t\t\t\t\t\t\t\t\t\t\t\t\t<img decoding=\"async\" width=\"79\" height=\"472\" src=\"https:\/\/lynxtradingci.com\/wp-content\/uploads\/2025\/03\/plane-up.png\" class=\"attachment-large size-large wp-image-200\" alt=\"\" srcset=\"https:\/\/lynxtradingci.com\/wp-content\/uploads\/2025\/03\/plane-up.png 79w, https:\/\/lynxtradingci.com\/wp-content\/uploads\/2025\/03\/plane-up-50x300.png 50w\" sizes=\"(max-width: 79px) 100vw, 79px\" \/>\t\t\t\t\t\t\t\t\t\t\t\t\t\t\t<\/div>\n\t\t\t\t<\/div>\n\t\t<div class=\"elementor-element elementor-element-815a62c e-con-full e-flex e-con e-child\" data-id=\"815a62c\" data-element_type=\"container\">\n\t\t<div class=\"elementor-element elementor-element-f99b87f e-con-full e-flex e-con e-child\" data-id=\"f99b87f\" data-element_type=\"container\">\n\t\t\t\t<div class=\"elementor-element elementor-element-e46b353 elementor-widget elementor-widget-heading\" data-id=\"e46b353\" data-element_type=\"widget\" data-widget_type=\"heading.default\">\n\t\t\t\t<div class=\"elementor-widget-container\">\n\t\t\t\t\t<h2 class=\"elementor-heading-title elementor-size-default\">Nos atouts <br>sur le terrain<\/h2>\t\t\t\t<\/div>\n\t\t\t\t<\/div>\n\t\t\t\t<\/div>\n\t\t<div class=\"elementor-element elementor-element-6ff21ae e-con-full e-flex e-con e-child\" data-id=\"6ff21ae\" data-element_type=\"container\">\n\t\t\t\t<\/div>\n\t\t\t\t<\/div>\n\t\t<div class=\"elementor-element elementor-element-9623b98 e-con-full e-flex e-con e-child\" data-id=\"9623b98\" data-element_type=\"container\">\n\t\t\t\t<div class=\"elementor-element elementor-element-20e42b1 elementor-widget elementor-widget-efast-work-process-widget\" data-id=\"20e42b1\" data-element_type=\"widget\" data-widget_type=\"efast-work-process-widget.default\">\n\t\t\t\t<div class=\"elementor-widget-container\">\n\t\t\t\t\t\r\n\t\r\n\t<div class=\"work-style-2 m-0 p-0\">\r\n\t\t<div class=\"row\">\r\n\t\t\t\t\r\n\t\t\t<div class=\"col-lg-4\">\r\n\t\t\t\t<div class=\"items hover-color\">\r\n\t\t\t\t\t<h3 class=\"title\"><span>01<\/span> <br> Pr\u00e9sence directe <br>  sur les sites miniers\n <\/h3>\r\n\t\t\t\t\t<div class=\"icon\">\r\n\t\t\t\t\t\t<img decoding=\"async\" src=\"https:\/\/lynxtradingci.com\/wp-content\/uploads\/2025\/03\/icon_1.png\" alt=\"\">\t\r\n\t\t\t\t\t<\/div>\r\n\t\t\t\t<\/div>\r\n\t\t\t<\/div>\r\n\t\t\t\t\r\n\t\t\t<div class=\"col-lg-4\">\r\n\t\t\t\t<div class=\"items hover-color\">\r\n\t\t\t\t\t<h3 class=\"title\"><span>02<\/span><br>Personnel form\u00e9  <br> aux exigences HSE &amp; ISO\n<\/h3>\r\n\t\t\t\t\t<div class=\"icon\">\r\n\t\t\t\t\t\t<img decoding=\"async\" src=\"https:\/\/lynxtradingci.com\/wp-content\/uploads\/2025\/03\/icon_2.png\" alt=\"\">\t\r\n\t\t\t\t\t<\/div>\r\n\t\t\t\t<\/div>\r\n\t\t\t<\/div>\r\n\t\t\t\t\r\n\t\t\t<div class=\"col-lg-4\">\r\n\t\t\t\t<div class=\"items hover-color\">\r\n\t\t\t\t\t<h3 class=\"title\"><span>03<\/span><br> Parc d\u2019\u00e9quipements   <br>\nlourds disponible imm\u00e9diatement<\/h3>\r\n\t\t\t\t\t<div class=\"icon\">\r\n\t\t\t\t\t\t<img decoding=\"async\" src=\"https:\/\/lynxtradingci.com\/wp-content\/uploads\/2025\/03\/icon_3.png\" alt=\"\">\t\r\n\t\t\t\t\t<\/div>\r\n\t\t\t\t<\/div>\r\n\t\t\t<\/div>\r\n\t\t\t\t\r\n\t\t\t<div class=\"col-lg-4\">\r\n\t\t\t\t<div class=\"items hover-color\">\r\n\t\t\t\t\t<h3 class=\"title\"><span>04<\/span><br>Capacit\u00e9 \u00e0 mobiliser <br> \n rapidement en zones difficiles<\/h3>\r\n\t\t\t\t\t<div class=\"icon\">\r\n\t\t\t\t\t\t<img decoding=\"async\" src=\"https:\/\/lynxtradingci.com\/wp-content\/uploads\/2025\/03\/icon_4.png\" alt=\"\">\t\r\n\t\t\t\t\t<\/div>\r\n\t\t\t\t<\/div>\r\n\t\t\t<\/div>\r\n\t\t\t\t\r\n\t\t\t<div class=\"col-lg-4\">\r\n\t\t\t\t<div class=\"items hover-color\">\r\n\t\t\t\t\t<h3 class=\"title\"><span>05<\/span><br>Service 24\/7 selon <br>les besoins op\u00e9rationnels<\/h3>\r\n\t\t\t\t\t<div class=\"icon\">\r\n\t\t\t\t\t\t<img decoding=\"async\" src=\"https:\/\/lynxtradingci.com\/wp-content\/uploads\/2025\/03\/icon_5.png\" alt=\"\">\t\r\n\t\t\t\t\t<\/div>\r\n\t\t\t\t<\/div>\r\n\t\t\t<\/div>\r\n\t\t\t\t\t\t\t\t<\/div>  \r\n    <\/div>\r\n\t\t\t\r\n             \r\n\t\t\t\t\t\t<\/div>\n\t\t\t\t<\/div>\n\t\t\t\t<\/div>\n\t\t\t\t\t<\/div>\n\t\t\t\t<\/div>\n\t\t<div class=\"elementor-element elementor-element-c30df24 e-flex e-con-boxed e-con e-parent\" data-id=\"c30df24\" data-element_type=\"container\">\n\t\t\t\t\t<div class=\"e-con-inner\">\n\t\t\t\t\t<\/div>\n\t\t\t\t<\/div>\n\t\t\t\t<\/div>\n\t\t","protected":false},"excerpt":{"rendered":"<p>Pourquoi Lynx Trading CI L\u2019efficacit\u00e9 mini\u00e8re, au c\u0153ur de vos projets. LYNX TRADING CI SARL est une entreprise ivoirienne sp\u00e9cialis\u00e9e dans la sous-traitance mini\u00e8re et les services industriels int\u00e9gr\u00e9s. Nous accompagnons les compagnies mini\u00e8res en C\u00f4te d\u2019Ivoire et en Afrique de l\u2019Ouest dans leurs op\u00e9rations logistiques, techniques et infrastructurelles, en proposant des solutions cl\u00e9s en<\/p>\n","protected":false},"author":1,"featured_media":1563,"parent":0,"menu_order":0,"comment_status":"closed","ping_status":"closed","template":"elementor_header_footer","meta":{"inline_featured_image":false,"footnotes":""},"class_list":["post-1303","page","type-page","status-publish","has-post-thumbnail","hentry"],"_links":{"self":[{"href":"https:\/\/lynxtradingci.com\/index.php\/wp-json\/wp\/v2\/pages\/1303","targetHints":{"allow":["GET"]}}],"collection":[{"href":"https:\/\/lynxtradingci.com\/index.php\/wp-json\/wp\/v2\/pages"}],"about":[{"href":"https:\/\/lynxtradingci.com\/index.php\/wp-json\/wp\/v2\/types\/page"}],"author":[{"embeddable":true,"href":"https:\/\/lynxtradingci.com\/index.php\/wp-json\/wp\/v2\/users\/1"}],"replies":[{"embeddable":true,"href":"https:\/\/lynxtradingci.com\/index.php\/wp-json\/wp\/v2\/comments?post=1303"}],"version-history":[{"count":10,"href":"https:\/\/lynxtradingci.com\/index.php\/wp-json\/wp\/v2\/pages\/1303\/revisions"}],"predecessor-version":[{"id":1616,"href":"https:\/\/lynxtradingci.com\/index.php\/wp-json\/wp\/v2\/pages\/1303\/revisions\/1616"}],"wp:featuredmedia":[{"embeddable":true,"href":"https:\/\/lynxtradingci.com\/index.php\/wp-json\/wp\/v2\/media\/1563"}],"wp:attachment":[{"href":"https:\/\/lynxtradingci.com\/index.php\/wp-json\/wp\/v2\/media?parent=1303"}],"curies":[{"name":"wp","href":"https:\/\/api.w.org\/{rel}","templated":true}]}}